{"id":9120,"date":"2021-10-05T12:17:55","date_gmt":"2021-10-05T12:17:55","guid":{"rendered":"https:\/\/bissoluciones.com\/blog\/?page_id=9120"},"modified":"2021-10-05T23:14:10","modified_gmt":"2021-10-05T23:14:10","slug":"informe-forester-wave-plataformas-low-code-2021","status":"publish","type":"page","link":"https:\/\/bissoluciones.com\/blog\/compact-posts\/informe-forester-wave-plataformas-low-code-2021\/","title":{"rendered":"informe forester Wave \u2122 plataformas low code 2021"},"content":{"rendered":"\n<div class=\"wp-block-image\"><figure class=\"aligncenter size-large\"><img fetchpriority=\"high\" decoding=\"async\" width=\"1024\" height=\"537\" src=\"https:\/\/bissoluciones.com\/blog\/wp-content\/uploads\/2021\/10\/M-1-1024x537.png\" alt=\"\" class=\"wp-image-9119\" srcset=\"https:\/\/bissoluciones.com\/blog\/wp-content\/uploads\/2021\/10\/M-1-1024x537.png 1024w, https:\/\/bissoluciones.com\/blog\/wp-content\/uploads\/2021\/10\/M-1-300x157.png 300w, https:\/\/bissoluciones.com\/blog\/wp-content\/uploads\/2021\/10\/M-1-768x402.png 768w, https:\/\/bissoluciones.com\/blog\/wp-content\/uploads\/2021\/10\/M-1.png 1080w\" sizes=\"(max-width: 1024px) 100vw, 1024px\" \/><\/figure><\/div>\n\n\n\n<p><\/p>\n\n\n\n<p class=\"has-white-color has-text-color\"><\/p>\n\n\n\n<div class=\"wp-block-columns is-layout-flex wp-container-core-columns-is-layout-9d6595d7 wp-block-columns-is-layout-flex\">\n<div class=\"wp-block-column is-layout-flow wp-block-column-is-layout-flow\">\n<pre class=\"wp-block-preformatted\"><strong>Mendix: l\u00edder en plataformas de desarrollo\nLow-code.<\/strong>\n\nLow Code ha ocupado un lugar central en las empresas que buscan acelerar sus esfuerzos de digitalizaci\u00f3n y modernizaci\u00f3n. \n\nLow-code aumenta la capacidad de TI para satisfacer la demanda de aplicaciones de tu empresa; Mendix lleva esto un paso m\u00e1s all\u00e1 al ofrecer una plataforma que satisface las necesidades de desarrollo de los profesionales e incorpora a expertos en el dominio empresarial en el \u00e1mbito del desarrollo.\n\nLos beneficios del Low Code en el desarrollo y la entrega de aplicaciones son inconfundibles cuando se trata de la automatizaci\u00f3n de procesos. Se puede obtener mucha eficiencia, ahorros al digitalizar y automatizar los procesos manuales en papel.\n\nLas organizaciones recurren a plataformas de c\u00f3digo bajo que ofrecen herramientas de proceso integradas no solo para digitalizar aplicaciones y procesos, sino tambi\u00e9n para automatizarlos.\n\nLea el an\u00e1lisis de Forrester de las principales plataformas de desarrollo de c\u00f3digo bajo y vea por qu\u00e9 Mendix tiene la puntuaci\u00f3n m\u00e1s alta en la categor\u00eda de plataformas Low Code.\n\n<\/pre>\n<\/div>\n\n\n\n<div class=\"wp-block-column is-layout-flow wp-block-column-is-layout-flow\">\n<div class=\"wp-block-contact-form-7-contact-form-selector\">\n<div class=\"wpcf7 no-js\" id=\"wpcf7-f9115-o1\" lang=\"es-ES\" dir=\"ltr\" data-wpcf7-id=\"9115\">\n<div class=\"screen-reader-response\"><p role=\"status\" aria-live=\"polite\" aria-atomic=\"true\"><\/p> <ul><\/ul><\/div>\n<form action=\"\/blog\/wp-json\/wp\/v2\/pages\/9120#wpcf7-f9115-o1\" method=\"post\" class=\"wpcf7-form init\" aria-label=\"Formulario de contacto\" novalidate=\"novalidate\" data-status=\"init\">\n<fieldset class=\"hidden-fields-container\"><input type=\"hidden\" name=\"_wpcf7\" value=\"9115\" \/><input type=\"hidden\" name=\"_wpcf7_version\" value=\"6.1.5\" \/><input type=\"hidden\" name=\"_wpcf7_locale\" value=\"es_ES\" \/><input type=\"hidden\" name=\"_wpcf7_unit_tag\" value=\"wpcf7-f9115-o1\" \/><input type=\"hidden\" name=\"_wpcf7_container_post\" value=\"0\" \/><input type=\"hidden\" name=\"_wpcf7_posted_data_hash\" value=\"\" \/>\n<\/fieldset>\n<p><label> Nombre<br \/>\n<span class=\"wpcf7-form-control-wrap\" data-name=\"your-name\"><input size=\"40\" maxlength=\"400\" class=\"wpcf7-form-control wpcf7-text wpcf7-validates-as-required\" aria-required=\"true\" aria-invalid=\"false\" value=\"\" type=\"text\" name=\"your-name\" \/><\/span> <\/label>\n<\/p>\n<p><label> Correo electr\u00f3nico<br \/>\n<span class=\"wpcf7-form-control-wrap\" data-name=\"your-email\"><input size=\"40\" maxlength=\"400\" class=\"wpcf7-form-control wpcf7-email wpcf7-validates-as-required wpcf7-text wpcf7-validates-as-email\" aria-required=\"true\" aria-invalid=\"false\" value=\"\" type=\"email\" name=\"your-email\" \/><\/span> <\/label>\n<\/p>\n<p><label> Puesto<br \/>\n<span class=\"wpcf7-form-control-wrap\" data-name=\"your-subject\"><input size=\"40\" maxlength=\"400\" class=\"wpcf7-form-control wpcf7-text wpcf7-validates-as-required\" aria-required=\"true\" aria-invalid=\"false\" value=\"\" type=\"text\" name=\"your-subject\" \/><\/span> <\/label>\n<\/p>\n<p><label> Empresa<br \/>\n<span class=\"wpcf7-form-control-wrap\" data-name=\"text-591\"><input size=\"40\" maxlength=\"400\" class=\"wpcf7-form-control wpcf7-text wpcf7-validates-as-required\" aria-required=\"true\" aria-invalid=\"false\" value=\"\" type=\"text\" name=\"text-591\" \/><\/span><\/label>\n<\/p>\n<p><label> Tel\u00e9fono<br \/>\n<span class=\"wpcf7-form-control-wrap\" data-name=\"tel-496\"><input size=\"40\" maxlength=\"400\" class=\"wpcf7-form-control wpcf7-tel wpcf7-validates-as-required wpcf7-text wpcf7-validates-as-tel\" aria-required=\"true\" aria-invalid=\"false\" value=\"\" type=\"tel\" name=\"tel-496\" \/><\/span><\/label>\n<\/p>\n<p><button class=\"wpcf7-form-control wpcf7-submit qodef-button qodef-size--normal qodef-layout--outlined qodef-m\" type=\"submit\"><span class=\"qodef-m-text\">Enviar<\/span><\/button>\n<\/p><div class=\"wpcf7-response-output\" aria-hidden=\"true\"><\/div>\n<\/form>\n<\/div>\n<\/div>\n\n\n\n<p>Llena el formulario para descargar el informe.<\/p>\n<\/div>\n<\/div>\n","protected":false},"excerpt":{"rendered":"<p>Mendix: l\u00edder en plataformas de desarrollo Low-code. Low Code ha ocupado un lugar central en las empresas que buscan acelerar sus esfuerzos de digitalizaci\u00f3n y modernizaci\u00f3n. Low-code aumenta la capacidad de TI para satisfacer la demanda de aplicaciones de tu empresa; Mendix lleva esto un paso m\u00e1s all\u00e1 al ofrecer una plataforma que satisface las [&hellip;]<\/p>\n","protected":false},"author":1,"featured_media":9119,"parent":723,"menu_order":1,"comment_status":"closed","ping_status":"closed","template":"","meta":{"footnotes":""},"class_list":["post-9120","page","type-page","status-publish","has-post-thumbnail","hentry"],"yoast_head":"<!-- This site is optimized with the Yoast SEO plugin v27.2 - https:\/\/yoast.com\/product\/yoast-seo-wordpress\/ -->\n<title>informe forester Wave \u2122 plataformas low code 2021 - BIS SOLUCIONES BLOG<\/title>\n<meta name=\"robots\" content=\"index, follow, max-snippet:-1, max-image-preview:large, max-video-preview:-1\" \/>\n<link rel=\"canonical\" href=\"https:\/\/bissoluciones.com\/blog\/compact-posts\/informe-forester-wave-plataformas-low-code-2021\/\" \/>\n<meta property=\"og:locale\" content=\"es_ES\" \/>\n<meta property=\"og:type\" content=\"article\" \/>\n<meta property=\"og:title\" content=\"informe forester Wave \u2122 plataformas low code 2021 - BIS SOLUCIONES BLOG\" \/>\n<meta property=\"og:description\" content=\"Mendix: l\u00edder en plataformas de desarrollo Low-code. Low Code ha ocupado un lugar central en las empresas que buscan acelerar sus esfuerzos de digitalizaci\u00f3n y modernizaci\u00f3n. Low-code aumenta la capacidad de TI para satisfacer la demanda de aplicaciones de tu empresa; Mendix lleva esto un paso m\u00e1s all\u00e1 al ofrecer una plataforma que satisface las [&hellip;]\" \/>\n<meta property=\"og:url\" content=\"https:\/\/bissoluciones.com\/blog\/compact-posts\/informe-forester-wave-plataformas-low-code-2021\/\" \/>\n<meta property=\"og:site_name\" content=\"BIS SOLUCIONES BLOG\" \/>\n<meta property=\"article:modified_time\" content=\"2021-10-05T23:14:10+00:00\" \/>\n<meta property=\"og:image\" content=\"https:\/\/bissoluciones.com\/blog\/wp-content\/uploads\/2021\/10\/M-1.png\" \/>\n\t<meta property=\"og:image:width\" content=\"1080\" \/>\n\t<meta property=\"og:image:height\" content=\"566\" \/>\n\t<meta property=\"og:image:type\" content=\"image\/png\" \/>\n<meta name=\"twitter:card\" content=\"summary_large_image\" \/>\n<meta name=\"twitter:label1\" content=\"Tiempo de lectura\" \/>\n\t<meta name=\"twitter:data1\" content=\"1 minuto\" \/>\n<script type=\"application\/ld+json\" class=\"yoast-schema-graph\">{\"@context\":\"https:\/\/schema.org\",\"@graph\":[{\"@type\":\"WebPage\",\"@id\":\"https:\/\/bissoluciones.com\/blog\/compact-posts\/informe-forester-wave-plataformas-low-code-2021\/\",\"url\":\"https:\/\/bissoluciones.com\/blog\/compact-posts\/informe-forester-wave-plataformas-low-code-2021\/\",\"name\":\"informe forester Wave \u2122 plataformas low code 2021 - BIS SOLUCIONES BLOG\",\"isPartOf\":{\"@id\":\"https:\/\/bissoluciones.com\/blog\/en\/#website\"},\"primaryImageOfPage\":{\"@id\":\"https:\/\/bissoluciones.com\/blog\/compact-posts\/informe-forester-wave-plataformas-low-code-2021\/#primaryimage\"},\"image\":{\"@id\":\"https:\/\/bissoluciones.com\/blog\/compact-posts\/informe-forester-wave-plataformas-low-code-2021\/#primaryimage\"},\"thumbnailUrl\":\"https:\/\/bissoluciones.com\/blog\/wp-content\/uploads\/2021\/10\/M-1.png\",\"datePublished\":\"2021-10-05T12:17:55+00:00\",\"dateModified\":\"2021-10-05T23:14:10+00:00\",\"breadcrumb\":{\"@id\":\"https:\/\/bissoluciones.com\/blog\/compact-posts\/informe-forester-wave-plataformas-low-code-2021\/#breadcrumb\"},\"inLanguage\":\"es\",\"potentialAction\":[{\"@type\":\"ReadAction\",\"target\":[\"https:\/\/bissoluciones.com\/blog\/compact-posts\/informe-forester-wave-plataformas-low-code-2021\/\"]}]},{\"@type\":\"ImageObject\",\"inLanguage\":\"es\",\"@id\":\"https:\/\/bissoluciones.com\/blog\/compact-posts\/informe-forester-wave-plataformas-low-code-2021\/#primaryimage\",\"url\":\"https:\/\/bissoluciones.com\/blog\/wp-content\/uploads\/2021\/10\/M-1.png\",\"contentUrl\":\"https:\/\/bissoluciones.com\/blog\/wp-content\/uploads\/2021\/10\/M-1.png\",\"width\":1080,\"height\":566},{\"@type\":\"BreadcrumbList\",\"@id\":\"https:\/\/bissoluciones.com\/blog\/compact-posts\/informe-forester-wave-plataformas-low-code-2021\/#breadcrumb\",\"itemListElement\":[{\"@type\":\"ListItem\",\"position\":1,\"name\":\"Portada\",\"item\":\"https:\/\/bissoluciones.com\/blog\/en\/\"},{\"@type\":\"ListItem\",\"position\":2,\"name\":\"Compact Posts\",\"item\":\"https:\/\/bissoluciones.com\/blog\/compact-posts\/\"},{\"@type\":\"ListItem\",\"position\":3,\"name\":\"informe forester Wave \u2122 plataformas low code 2021\"}]},{\"@type\":\"WebSite\",\"@id\":\"https:\/\/bissoluciones.com\/blog\/en\/#website\",\"url\":\"https:\/\/bissoluciones.com\/blog\/en\/\",\"name\":\"BIS SOLUCIONES BLOG\",\"description\":\"Blog de Tecnolog\u00eda\",\"publisher\":{\"@id\":\"https:\/\/bissoluciones.com\/blog\/en\/#organization\"},\"potentialAction\":[{\"@type\":\"SearchAction\",\"target\":{\"@type\":\"EntryPoint\",\"urlTemplate\":\"https:\/\/bissoluciones.com\/blog\/en\/?s={search_term_string}\"},\"query-input\":{\"@type\":\"PropertyValueSpecification\",\"valueRequired\":true,\"valueName\":\"search_term_string\"}}],\"inLanguage\":\"es\"},{\"@type\":\"Organization\",\"@id\":\"https:\/\/bissoluciones.com\/blog\/en\/#organization\",\"name\":\"BIS SOLUCIONES BLOG\",\"url\":\"https:\/\/bissoluciones.com\/blog\/en\/\",\"logo\":{\"@type\":\"ImageObject\",\"inLanguage\":\"es\",\"@id\":\"https:\/\/bissoluciones.com\/blog\/en\/#\/schema\/logo\/image\/\",\"url\":\"https:\/\/bissoluciones.com\/blog\/wp-content\/uploads\/2022\/03\/cropped-b1.png\",\"contentUrl\":\"https:\/\/bissoluciones.com\/blog\/wp-content\/uploads\/2022\/03\/cropped-b1.png\",\"width\":126,\"height\":42,\"caption\":\"BIS SOLUCIONES BLOG\"},\"image\":{\"@id\":\"https:\/\/bissoluciones.com\/blog\/en\/#\/schema\/logo\/image\/\"}}]}<\/script>\n<!-- \/ Yoast SEO plugin. -->","yoast_head_json":{"title":"informe forester Wave \u2122 plataformas low code 2021 - BIS SOLUCIONES BLOG","robots":{"index":"index","follow":"follow","max-snippet":"max-snippet:-1","max-image-preview":"max-image-preview:large","max-video-preview":"max-video-preview:-1"},"canonical":"https:\/\/bissoluciones.com\/blog\/compact-posts\/informe-forester-wave-plataformas-low-code-2021\/","og_locale":"es_ES","og_type":"article","og_title":"informe forester Wave \u2122 plataformas low code 2021 - BIS SOLUCIONES BLOG","og_description":"Mendix: l\u00edder en plataformas de desarrollo Low-code. Low Code ha ocupado un lugar central en las empresas que buscan acelerar sus esfuerzos de digitalizaci\u00f3n y modernizaci\u00f3n. Low-code aumenta la capacidad de TI para satisfacer la demanda de aplicaciones de tu empresa; Mendix lleva esto un paso m\u00e1s all\u00e1 al ofrecer una plataforma que satisface las [&hellip;]","og_url":"https:\/\/bissoluciones.com\/blog\/compact-posts\/informe-forester-wave-plataformas-low-code-2021\/","og_site_name":"BIS SOLUCIONES BLOG","article_modified_time":"2021-10-05T23:14:10+00:00","og_image":[{"width":1080,"height":566,"url":"https:\/\/bissoluciones.com\/blog\/wp-content\/uploads\/2021\/10\/M-1.png","type":"image\/png"}],"twitter_card":"summary_large_image","twitter_misc":{"Tiempo de lectura":"1 minuto"},"schema":{"@context":"https:\/\/schema.org","@graph":[{"@type":"WebPage","@id":"https:\/\/bissoluciones.com\/blog\/compact-posts\/informe-forester-wave-plataformas-low-code-2021\/","url":"https:\/\/bissoluciones.com\/blog\/compact-posts\/informe-forester-wave-plataformas-low-code-2021\/","name":"informe forester Wave \u2122 plataformas low code 2021 - BIS SOLUCIONES BLOG","isPartOf":{"@id":"https:\/\/bissoluciones.com\/blog\/en\/#website"},"primaryImageOfPage":{"@id":"https:\/\/bissoluciones.com\/blog\/compact-posts\/informe-forester-wave-plataformas-low-code-2021\/#primaryimage"},"image":{"@id":"https:\/\/bissoluciones.com\/blog\/compact-posts\/informe-forester-wave-plataformas-low-code-2021\/#primaryimage"},"thumbnailUrl":"https:\/\/bissoluciones.com\/blog\/wp-content\/uploads\/2021\/10\/M-1.png","datePublished":"2021-10-05T12:17:55+00:00","dateModified":"2021-10-05T23:14:10+00:00","breadcrumb":{"@id":"https:\/\/bissoluciones.com\/blog\/compact-posts\/informe-forester-wave-plataformas-low-code-2021\/#breadcrumb"},"inLanguage":"es","potentialAction":[{"@type":"ReadAction","target":["https:\/\/bissoluciones.com\/blog\/compact-posts\/informe-forester-wave-plataformas-low-code-2021\/"]}]},{"@type":"ImageObject","inLanguage":"es","@id":"https:\/\/bissoluciones.com\/blog\/compact-posts\/informe-forester-wave-plataformas-low-code-2021\/#primaryimage","url":"https:\/\/bissoluciones.com\/blog\/wp-content\/uploads\/2021\/10\/M-1.png","contentUrl":"https:\/\/bissoluciones.com\/blog\/wp-content\/uploads\/2021\/10\/M-1.png","width":1080,"height":566},{"@type":"BreadcrumbList","@id":"https:\/\/bissoluciones.com\/blog\/compact-posts\/informe-forester-wave-plataformas-low-code-2021\/#breadcrumb","itemListElement":[{"@type":"ListItem","position":1,"name":"Portada","item":"https:\/\/bissoluciones.com\/blog\/en\/"},{"@type":"ListItem","position":2,"name":"Compact Posts","item":"https:\/\/bissoluciones.com\/blog\/compact-posts\/"},{"@type":"ListItem","position":3,"name":"informe forester Wave \u2122 plataformas low code 2021"}]},{"@type":"WebSite","@id":"https:\/\/bissoluciones.com\/blog\/en\/#website","url":"https:\/\/bissoluciones.com\/blog\/en\/","name":"BIS SOLUCIONES BLOG","description":"Blog de Tecnolog\u00eda","publisher":{"@id":"https:\/\/bissoluciones.com\/blog\/en\/#organization"},"potentialAction":[{"@type":"SearchAction","target":{"@type":"EntryPoint","urlTemplate":"https:\/\/bissoluciones.com\/blog\/en\/?s={search_term_string}"},"query-input":{"@type":"PropertyValueSpecification","valueRequired":true,"valueName":"search_term_string"}}],"inLanguage":"es"},{"@type":"Organization","@id":"https:\/\/bissoluciones.com\/blog\/en\/#organization","name":"BIS SOLUCIONES BLOG","url":"https:\/\/bissoluciones.com\/blog\/en\/","logo":{"@type":"ImageObject","inLanguage":"es","@id":"https:\/\/bissoluciones.com\/blog\/en\/#\/schema\/logo\/image\/","url":"https:\/\/bissoluciones.com\/blog\/wp-content\/uploads\/2022\/03\/cropped-b1.png","contentUrl":"https:\/\/bissoluciones.com\/blog\/wp-content\/uploads\/2022\/03\/cropped-b1.png","width":126,"height":42,"caption":"BIS SOLUCIONES BLOG"},"image":{"@id":"https:\/\/bissoluciones.com\/blog\/en\/#\/schema\/logo\/image\/"}}]}},"_links":{"self":[{"href":"https:\/\/bissoluciones.com\/blog\/wp-json\/wp\/v2\/pages\/9120","targetHints":{"allow":["GET"]}}],"collection":[{"href":"https:\/\/bissoluciones.com\/blog\/wp-json\/wp\/v2\/pages"}],"about":[{"href":"https:\/\/bissoluciones.com\/blog\/wp-json\/wp\/v2\/types\/page"}],"author":[{"embeddable":true,"href":"https:\/\/bissoluciones.com\/blog\/wp-json\/wp\/v2\/users\/1"}],"replies":[{"embeddable":true,"href":"https:\/\/bissoluciones.com\/blog\/wp-json\/wp\/v2\/comments?post=9120"}],"version-history":[{"count":19,"href":"https:\/\/bissoluciones.com\/blog\/wp-json\/wp\/v2\/pages\/9120\/revisions"}],"predecessor-version":[{"id":9315,"href":"https:\/\/bissoluciones.com\/blog\/wp-json\/wp\/v2\/pages\/9120\/revisions\/9315"}],"up":[{"embeddable":true,"href":"https:\/\/bissoluciones.com\/blog\/wp-json\/wp\/v2\/pages\/723"}],"wp:featuredmedia":[{"embeddable":true,"href":"https:\/\/bissoluciones.com\/blog\/wp-json\/wp\/v2\/media\/9119"}],"wp:attachment":[{"href":"https:\/\/bissoluciones.com\/blog\/wp-json\/wp\/v2\/media?parent=9120"}],"curies":[{"name":"wp","href":"https:\/\/api.w.org\/{rel}","templated":true}]}}