{"id":9375,"date":"2021-10-12T15:10:51","date_gmt":"2021-10-12T15:10:51","guid":{"rendered":"https:\/\/bissoluciones.com\/blog\/?page_id=9375"},"modified":"2021-10-12T16:01:42","modified_gmt":"2021-10-12T16:01:42","slug":"conoce-las-plataformas-lideres-de-low-code-en-el-cuadrante-magico-de-gartner","status":"publish","type":"page","link":"https:\/\/bissoluciones.com\/blog\/conoce-las-plataformas-lideres-de-low-code-en-el-cuadrante-magico-de-gartner\/","title":{"rendered":"Plataformas l\u00edderes de Low Code en Gartner."},"content":{"rendered":"\n<div class=\"wp-block-columns is-layout-flex wp-container-core-columns-is-layout-9d6595d7 wp-block-columns-is-layout-flex\">\n<div class=\"wp-block-column is-layout-flow wp-block-column-is-layout-flow\">\n<h2 class=\"wp-block-heading\">Convierta su visi\u00f3n empresarial en realidad con un l\u00edder LoW cODE<\/h2>\n\n\n\n<p>Tiene el plan para la transformaci\u00f3n digital y sabe que comienza con la transformaci\u00f3n de la forma en que se construye el software.&nbsp;Pero intente crear aplicaciones comerciales personalizadas y listas para la empresa mientras integra sistemas, mantiene el software heredado y lleva a su empresa al desarrollo de aplicaciones de una sola vez.&nbsp;Basta con poner su estrategia en el estante, dejar que se acumule el polvo.<\/p>\n\n\n\n<p>Elimine el polvo y despliegue esos planes con un l\u00edder posicionado por Gartner en desarrollo Low Code: Mendix.&nbsp;Descargue 2021 Gartner\u00ae Magic Quadrant \u2122 para plataformas de aplicaciones empresariales Low Code y descubra c\u00f3mo Mendix puede ayudarlo a sentar las bases para liderar su organizaci\u00f3n a trav\u00e9s de la transformaci\u00f3n digital.<\/p>\n\n\n\n<h3 class=\"wp-block-heading\"><strong>Mendix colocado m\u00e1s lejos para la integridad de la visi\u00f3n por Gartner<\/strong><\/h3>\n\n\n\n<p>Cuando se trata de construir una nueva forma de hacer negocios, \u00bfpor qu\u00e9 ir con alguien que no sea un l\u00edder en el espacio de Low Code?<\/p>\n\n\n\n<p>Nuestra configuraci\u00f3n de referencia continua y la superaci\u00f3n de l\u00edmites con low-code le brindan las herramientas adecuadas para crear una nueva forma de desarrollo de aplicaciones.&nbsp;Creemos que es la raz\u00f3n por la que Gartner ha colocado a Mendix m\u00e1s lejos en cuanto a integridad de la visi\u00f3n.<\/p>\n\n\n\n<p>Con el enfoque centrado en la colaboraci\u00f3n y el modelado visual de la plataforma Mendix, tanto los desarrolladores profesionales como los desarrolladores principiantes pueden comenzar a crear el software que necesita para mantenerse por delante de la competencia e innovar continuamente.<\/p>\n\n\n\n<p>Desc\u00e1rguelo ahora y descubra por qu\u00e9 la plataforma low-code adecuada para su empresa es una plataforma todo en uno que le permite crear:<\/p>\n\n\n\n<ul class=\"wp-block-list\"><li>Aplicaciones nativas de la nube de forma predeterminada<\/li><li>Soluciones enriquecidas de aplicaciones web nativas m\u00f3viles o progresivas<\/li><li>Aplicaciones que automatizan y digitalizan los procesos comerciales<\/li><\/ul>\n<\/div>\n\n\n\n<div class=\"wp-block-column is-layout-flow wp-block-column-is-layout-flow\">\n<div class=\"wp-block-contact-form-7-contact-form-selector\"><p class=\"wpcf7-contact-form-not-found\"><strong>Error:<\/strong> Formulario de contacto no encontrado.<\/p><\/div>\n<\/div>\n<\/div>\n","protected":false},"excerpt":{"rendered":"<p>Convierta su visi\u00f3n empresarial en realidad con un l\u00edder LoW cODE Tiene el plan para la transformaci\u00f3n digital y sabe que comienza con la transformaci\u00f3n de la forma en que se construye el software.&nbsp;Pero intente crear aplicaciones comerciales personalizadas y listas para la empresa mientras integra sistemas, mantiene el software heredado y lleva a su [&hellip;]<\/p>\n","protected":false},"author":1,"featured_media":9388,"parent":0,"menu_order":0,"comment_status":"closed","ping_status":"closed","template":"","meta":{"footnotes":""},"class_list":["post-9375","page","type-page","status-publish","has-post-thumbnail","hentry"],"yoast_head":"<!-- This site is optimized with the Yoast SEO plugin v27.2 - https:\/\/yoast.com\/product\/yoast-seo-wordpress\/ -->\n<title>Plataformas l\u00edderes de Low Code en Gartner. - BIS SOLUCIONES BLOG<\/title>\n<meta name=\"robots\" content=\"index, follow, max-snippet:-1, max-image-preview:large, max-video-preview:-1\" \/>\n<link rel=\"canonical\" href=\"https:\/\/bissoluciones.com\/blog\/conoce-las-plataformas-lideres-de-low-code-en-el-cuadrante-magico-de-gartner\/\" \/>\n<meta property=\"og:locale\" content=\"es_ES\" \/>\n<meta property=\"og:type\" content=\"article\" \/>\n<meta property=\"og:title\" content=\"Plataformas l\u00edderes de Low Code en Gartner. - BIS SOLUCIONES BLOG\" \/>\n<meta property=\"og:description\" content=\"Convierta su visi\u00f3n empresarial en realidad con un l\u00edder LoW cODE Tiene el plan para la transformaci\u00f3n digital y sabe que comienza con la transformaci\u00f3n de la forma en que se construye el software.&nbsp;Pero intente crear aplicaciones comerciales personalizadas y listas para la empresa mientras integra sistemas, mantiene el software heredado y lleva a su [&hellip;]\" \/>\n<meta property=\"og:url\" content=\"https:\/\/bissoluciones.com\/blog\/conoce-las-plataformas-lideres-de-low-code-en-el-cuadrante-magico-de-gartner\/\" \/>\n<meta property=\"og:site_name\" content=\"BIS SOLUCIONES BLOG\" \/>\n<meta property=\"article:modified_time\" content=\"2021-10-12T16:01:42+00:00\" \/>\n<meta property=\"og:image\" content=\"https:\/\/bissoluciones.com\/blog\/wp-content\/uploads\/2021\/10\/WhatsApp-Image-2021-10-11-at-5.50.06-PM.jpeg\" \/>\n\t<meta property=\"og:image:width\" content=\"1080\" \/>\n\t<meta property=\"og:image:height\" content=\"566\" \/>\n\t<meta property=\"og:image:type\" content=\"image\/jpeg\" \/>\n<meta name=\"twitter:card\" content=\"summary_large_image\" \/>\n<meta name=\"twitter:label1\" content=\"Tiempo de lectura\" \/>\n\t<meta name=\"twitter:data1\" content=\"2 minutos\" \/>\n<script type=\"application\/ld+json\" class=\"yoast-schema-graph\">{\"@context\":\"https:\/\/schema.org\",\"@graph\":[{\"@type\":\"WebPage\",\"@id\":\"https:\/\/bissoluciones.com\/blog\/conoce-las-plataformas-lideres-de-low-code-en-el-cuadrante-magico-de-gartner\/\",\"url\":\"https:\/\/bissoluciones.com\/blog\/conoce-las-plataformas-lideres-de-low-code-en-el-cuadrante-magico-de-gartner\/\",\"name\":\"Plataformas l\u00edderes de Low Code en Gartner. - BIS SOLUCIONES BLOG\",\"isPartOf\":{\"@id\":\"https:\/\/bissoluciones.com\/blog\/en\/#website\"},\"primaryImageOfPage\":{\"@id\":\"https:\/\/bissoluciones.com\/blog\/conoce-las-plataformas-lideres-de-low-code-en-el-cuadrante-magico-de-gartner\/#primaryimage\"},\"image\":{\"@id\":\"https:\/\/bissoluciones.com\/blog\/conoce-las-plataformas-lideres-de-low-code-en-el-cuadrante-magico-de-gartner\/#primaryimage\"},\"thumbnailUrl\":\"https:\/\/bissoluciones.com\/blog\/wp-content\/uploads\/2021\/10\/WhatsApp-Image-2021-10-11-at-5.50.06-PM.jpeg\",\"datePublished\":\"2021-10-12T15:10:51+00:00\",\"dateModified\":\"2021-10-12T16:01:42+00:00\",\"breadcrumb\":{\"@id\":\"https:\/\/bissoluciones.com\/blog\/conoce-las-plataformas-lideres-de-low-code-en-el-cuadrante-magico-de-gartner\/#breadcrumb\"},\"inLanguage\":\"es\",\"potentialAction\":[{\"@type\":\"ReadAction\",\"target\":[\"https:\/\/bissoluciones.com\/blog\/conoce-las-plataformas-lideres-de-low-code-en-el-cuadrante-magico-de-gartner\/\"]}]},{\"@type\":\"ImageObject\",\"inLanguage\":\"es\",\"@id\":\"https:\/\/bissoluciones.com\/blog\/conoce-las-plataformas-lideres-de-low-code-en-el-cuadrante-magico-de-gartner\/#primaryimage\",\"url\":\"https:\/\/bissoluciones.com\/blog\/wp-content\/uploads\/2021\/10\/WhatsApp-Image-2021-10-11-at-5.50.06-PM.jpeg\",\"contentUrl\":\"https:\/\/bissoluciones.com\/blog\/wp-content\/uploads\/2021\/10\/WhatsApp-Image-2021-10-11-at-5.50.06-PM.jpeg\",\"width\":1080,\"height\":566},{\"@type\":\"BreadcrumbList\",\"@id\":\"https:\/\/bissoluciones.com\/blog\/conoce-las-plataformas-lideres-de-low-code-en-el-cuadrante-magico-de-gartner\/#breadcrumb\",\"itemListElement\":[{\"@type\":\"ListItem\",\"position\":1,\"name\":\"Portada\",\"item\":\"https:\/\/bissoluciones.com\/blog\/en\/\"},{\"@type\":\"ListItem\",\"position\":2,\"name\":\"Plataformas l\u00edderes de Low Code en Gartner.\"}]},{\"@type\":\"WebSite\",\"@id\":\"https:\/\/bissoluciones.com\/blog\/en\/#website\",\"url\":\"https:\/\/bissoluciones.com\/blog\/en\/\",\"name\":\"BIS SOLUCIONES BLOG\",\"description\":\"Blog de Tecnolog\u00eda\",\"publisher\":{\"@id\":\"https:\/\/bissoluciones.com\/blog\/en\/#organization\"},\"potentialAction\":[{\"@type\":\"SearchAction\",\"target\":{\"@type\":\"EntryPoint\",\"urlTemplate\":\"https:\/\/bissoluciones.com\/blog\/en\/?s={search_term_string}\"},\"query-input\":{\"@type\":\"PropertyValueSpecification\",\"valueRequired\":true,\"valueName\":\"search_term_string\"}}],\"inLanguage\":\"es\"},{\"@type\":\"Organization\",\"@id\":\"https:\/\/bissoluciones.com\/blog\/en\/#organization\",\"name\":\"BIS SOLUCIONES BLOG\",\"url\":\"https:\/\/bissoluciones.com\/blog\/en\/\",\"logo\":{\"@type\":\"ImageObject\",\"inLanguage\":\"es\",\"@id\":\"https:\/\/bissoluciones.com\/blog\/en\/#\/schema\/logo\/image\/\",\"url\":\"https:\/\/bissoluciones.com\/blog\/wp-content\/uploads\/2022\/03\/cropped-b1.png\",\"contentUrl\":\"https:\/\/bissoluciones.com\/blog\/wp-content\/uploads\/2022\/03\/cropped-b1.png\",\"width\":126,\"height\":42,\"caption\":\"BIS SOLUCIONES BLOG\"},\"image\":{\"@id\":\"https:\/\/bissoluciones.com\/blog\/en\/#\/schema\/logo\/image\/\"}}]}<\/script>\n<!-- \/ Yoast SEO plugin. -->","yoast_head_json":{"title":"Plataformas l\u00edderes de Low Code en Gartner. - BIS SOLUCIONES BLOG","robots":{"index":"index","follow":"follow","max-snippet":"max-snippet:-1","max-image-preview":"max-image-preview:large","max-video-preview":"max-video-preview:-1"},"canonical":"https:\/\/bissoluciones.com\/blog\/conoce-las-plataformas-lideres-de-low-code-en-el-cuadrante-magico-de-gartner\/","og_locale":"es_ES","og_type":"article","og_title":"Plataformas l\u00edderes de Low Code en Gartner. - BIS SOLUCIONES BLOG","og_description":"Convierta su visi\u00f3n empresarial en realidad con un l\u00edder LoW cODE Tiene el plan para la transformaci\u00f3n digital y sabe que comienza con la transformaci\u00f3n de la forma en que se construye el software.&nbsp;Pero intente crear aplicaciones comerciales personalizadas y listas para la empresa mientras integra sistemas, mantiene el software heredado y lleva a su [&hellip;]","og_url":"https:\/\/bissoluciones.com\/blog\/conoce-las-plataformas-lideres-de-low-code-en-el-cuadrante-magico-de-gartner\/","og_site_name":"BIS SOLUCIONES BLOG","article_modified_time":"2021-10-12T16:01:42+00:00","og_image":[{"width":1080,"height":566,"url":"https:\/\/bissoluciones.com\/blog\/wp-content\/uploads\/2021\/10\/WhatsApp-Image-2021-10-11-at-5.50.06-PM.jpeg","type":"image\/jpeg"}],"twitter_card":"summary_large_image","twitter_misc":{"Tiempo de lectura":"2 minutos"},"schema":{"@context":"https:\/\/schema.org","@graph":[{"@type":"WebPage","@id":"https:\/\/bissoluciones.com\/blog\/conoce-las-plataformas-lideres-de-low-code-en-el-cuadrante-magico-de-gartner\/","url":"https:\/\/bissoluciones.com\/blog\/conoce-las-plataformas-lideres-de-low-code-en-el-cuadrante-magico-de-gartner\/","name":"Plataformas l\u00edderes de Low Code en Gartner. - BIS SOLUCIONES BLOG","isPartOf":{"@id":"https:\/\/bissoluciones.com\/blog\/en\/#website"},"primaryImageOfPage":{"@id":"https:\/\/bissoluciones.com\/blog\/conoce-las-plataformas-lideres-de-low-code-en-el-cuadrante-magico-de-gartner\/#primaryimage"},"image":{"@id":"https:\/\/bissoluciones.com\/blog\/conoce-las-plataformas-lideres-de-low-code-en-el-cuadrante-magico-de-gartner\/#primaryimage"},"thumbnailUrl":"https:\/\/bissoluciones.com\/blog\/wp-content\/uploads\/2021\/10\/WhatsApp-Image-2021-10-11-at-5.50.06-PM.jpeg","datePublished":"2021-10-12T15:10:51+00:00","dateModified":"2021-10-12T16:01:42+00:00","breadcrumb":{"@id":"https:\/\/bissoluciones.com\/blog\/conoce-las-plataformas-lideres-de-low-code-en-el-cuadrante-magico-de-gartner\/#breadcrumb"},"inLanguage":"es","potentialAction":[{"@type":"ReadAction","target":["https:\/\/bissoluciones.com\/blog\/conoce-las-plataformas-lideres-de-low-code-en-el-cuadrante-magico-de-gartner\/"]}]},{"@type":"ImageObject","inLanguage":"es","@id":"https:\/\/bissoluciones.com\/blog\/conoce-las-plataformas-lideres-de-low-code-en-el-cuadrante-magico-de-gartner\/#primaryimage","url":"https:\/\/bissoluciones.com\/blog\/wp-content\/uploads\/2021\/10\/WhatsApp-Image-2021-10-11-at-5.50.06-PM.jpeg","contentUrl":"https:\/\/bissoluciones.com\/blog\/wp-content\/uploads\/2021\/10\/WhatsApp-Image-2021-10-11-at-5.50.06-PM.jpeg","width":1080,"height":566},{"@type":"BreadcrumbList","@id":"https:\/\/bissoluciones.com\/blog\/conoce-las-plataformas-lideres-de-low-code-en-el-cuadrante-magico-de-gartner\/#breadcrumb","itemListElement":[{"@type":"ListItem","position":1,"name":"Portada","item":"https:\/\/bissoluciones.com\/blog\/en\/"},{"@type":"ListItem","position":2,"name":"Plataformas l\u00edderes de Low Code en Gartner."}]},{"@type":"WebSite","@id":"https:\/\/bissoluciones.com\/blog\/en\/#website","url":"https:\/\/bissoluciones.com\/blog\/en\/","name":"BIS SOLUCIONES BLOG","description":"Blog de Tecnolog\u00eda","publisher":{"@id":"https:\/\/bissoluciones.com\/blog\/en\/#organization"},"potentialAction":[{"@type":"SearchAction","target":{"@type":"EntryPoint","urlTemplate":"https:\/\/bissoluciones.com\/blog\/en\/?s={search_term_string}"},"query-input":{"@type":"PropertyValueSpecification","valueRequired":true,"valueName":"search_term_string"}}],"inLanguage":"es"},{"@type":"Organization","@id":"https:\/\/bissoluciones.com\/blog\/en\/#organization","name":"BIS SOLUCIONES BLOG","url":"https:\/\/bissoluciones.com\/blog\/en\/","logo":{"@type":"ImageObject","inLanguage":"es","@id":"https:\/\/bissoluciones.com\/blog\/en\/#\/schema\/logo\/image\/","url":"https:\/\/bissoluciones.com\/blog\/wp-content\/uploads\/2022\/03\/cropped-b1.png","contentUrl":"https:\/\/bissoluciones.com\/blog\/wp-content\/uploads\/2022\/03\/cropped-b1.png","width":126,"height":42,"caption":"BIS SOLUCIONES BLOG"},"image":{"@id":"https:\/\/bissoluciones.com\/blog\/en\/#\/schema\/logo\/image\/"}}]}},"_links":{"self":[{"href":"https:\/\/bissoluciones.com\/blog\/wp-json\/wp\/v2\/pages\/9375","targetHints":{"allow":["GET"]}}],"collection":[{"href":"https:\/\/bissoluciones.com\/blog\/wp-json\/wp\/v2\/pages"}],"about":[{"href":"https:\/\/bissoluciones.com\/blog\/wp-json\/wp\/v2\/types\/page"}],"author":[{"embeddable":true,"href":"https:\/\/bissoluciones.com\/blog\/wp-json\/wp\/v2\/users\/1"}],"replies":[{"embeddable":true,"href":"https:\/\/bissoluciones.com\/blog\/wp-json\/wp\/v2\/comments?post=9375"}],"version-history":[{"count":9,"href":"https:\/\/bissoluciones.com\/blog\/wp-json\/wp\/v2\/pages\/9375\/revisions"}],"predecessor-version":[{"id":9395,"href":"https:\/\/bissoluciones.com\/blog\/wp-json\/wp\/v2\/pages\/9375\/revisions\/9395"}],"wp:featuredmedia":[{"embeddable":true,"href":"https:\/\/bissoluciones.com\/blog\/wp-json\/wp\/v2\/media\/9388"}],"wp:attachment":[{"href":"https:\/\/bissoluciones.com\/blog\/wp-json\/wp\/v2\/media?parent=9375"}],"curies":[{"name":"wp","href":"https:\/\/api.w.org\/{rel}","templated":true}]}}